{"id":1074,"date":"2023-06-12T14:38:01","date_gmt":"2023-06-12T12:38:01","guid":{"rendered":"https:\/\/les-arias-grandest.fr\/?page_id=1074"},"modified":"2024-10-28T14:31:48","modified_gmt":"2024-10-28T13:31:48","slug":"pourquoi-ce-site","status":"publish","type":"page","link":"https:\/\/les-arias-grandest.fr\/index.php\/pourquoi-ce-site\/","title":{"rendered":"Pourquoi ce site ?"},"content":{"rendered":"<div data-colibri-id=\"1074-c1\" class=\"style-989 style-local-1074-c1 position-relative\">\r\n  <!---->\r\n  <div data-colibri-component=\"section\" data-colibri-id=\"1074-c14\" id=\"testimonials\" class=\"h-section h-section-global-spacing d-flex align-items-lg-center align-items-md-center align-items-center style-1094 style-local-1074-c14 position-relative\">\r\n    <!---->\r\n    <!---->\r\n    <div class=\"h-section-grid-container h-section-boxed-container\">\r\n      <!---->\r\n      <div data-colibri-id=\"1074-c15\" class=\"h-row-container gutters-row-lg-2 gutters-row-md-0 gutters-row-2 gutters-row-v-lg-2 gutters-row-v-md-0 gutters-row-v-2 style-1095 style-local-1074-c15 position-relative\">\r\n        <!---->\r\n        <div class=\"h-row justify-content-lg-center justify-content-md-center justify-content-center align-items-lg-stretch align-items-md-stretch align-items-stretch gutters-col-lg-2 gutters-col-md-0 gutters-col-2 gutters-col-v-lg-2 gutters-col-v-md-0 gutters-col-v-2\">\r\n          <!---->\r\n          <div class=\"h-column h-column-container d-flex h-col-lg-auto h-col-md-auto h-col-auto style-1096-outer style-local-1074-c16-outer\">\r\n            <div data-colibri-id=\"1074-c16\" class=\"d-flex h-flex-basis h-column__inner h-px-lg-2 h-px-md-0 h-px-2 v-inner-lg-2 v-inner-md-0 v-inner-2 style-1096 style-local-1074-c16 position-relative\">\r\n              <!---->\r\n              <!---->\r\n              <div class=\"w-100 h-y-container h-column__content h-column__v-align flex-basis-100 align-self-lg-start align-self-md-start align-self-start\">\r\n                <!---->\r\n                <div data-colibri-component=\"slider\" data-colibri-id=\"1074-c17\" class=\"h-slider d-flex style-1097 style-local-1074-c17 position-relative\">\r\n                  <!---->\r\n                  <div class=\"swiper-container h-row-container gutters-row-lg-0 gutters-row-md-3 gutters-row-2 gutters-row-v-lg-0 gutters-row-v-md-3 gutters-row-v-2 h-overflow-hidden\">\r\n                    <div class=\"swiper-wrapper h-row justify-content-lg-start justify-content-md-start justify-content-start align-items-lg-stretch align-items-md-stretch align-items-stretch gutters-col-lg-0 gutters-col-md-3 gutters-col-2 gutters-col-v-lg-0 gutters-col-v-md-3 gutters-col-v-2\">\r\n                      <div data-colibri-component=\"link\" data-href=\"\" class=\"h-slider-item swiper-slide h-column h-column-container d-flex h-col-auto style-1098-outer style-local-1074-c18-outer\">\r\n                        <div data-colibri-id=\"1074-c18\" class=\"w-100 h-swiper-item__inner d-flex h-flex-basis h-HopTextCarouselItem__inner h-px-lg-0 h-px-md-0 h-px-2 v-inner-lg-0 v-inner-md-0 v-inner-2 style-1098 style-local-1074-c18 position-relative\">\r\n                          <!---->\r\n                          <div class=\"w-100 h-100 d-flex justify-content-lg-center justify-content-md-center justify-content-center align-items-lg-center align-items-md-center align-items-center\">\r\n                            <div class=\"w-100 h-y-container h-column__content h-column__v-align flex-basis-100 align-self-lg-center align-self-md-center align-self-center h-slider-item-content-wrapper\">\r\n                              <!---->\r\n                              <div data-colibri-id=\"1074-c19\" class=\"h-icon style-1099 style-local-1074-c19 position-relative h-element\">\r\n                                <!----><span class=\"h-svg-icon h-icon__icon style-1099-icon style-local-1074-c19-icon\"><!--Icon by Icons8 Line Awesome (https:\/\/icons8.com\/line-awesome)--><svg version=\"1.1\" xmlns=\"http:\/\/www.w3.org\/2000\/svg\" xmlns:xlink=\"http:\/\/www.w3.org\/1999\/xlink\" id=\"quote-right\" viewBox=\"0 0 512 545.5\"><path d=\"M64 160h160v160c0 52.826-43.174 96-96 96v-32c35.526 0 64-28.474 64-64H64V160zm224 0h160v160c0 52.826-43.174 96-96 96v-32c35.526 0 64-28.474 64-64H288V160zM96 192v96h96v-96H96zm224 0v96h96v-96h-96z\"><\/path><\/svg><\/span><\/div>\r\n                              <div\r\n                                data-colibri-id=\"1074-c20\" class=\"h-text h-text-component style-1100 style-local-1074-c20 position-relative h-element\">\r\n                                <!---->\r\n                                <!---->\r\n                                <div class=\"\">\r\n                                  <p>Les entreprises alimentaires sont diff\u00e9rentes selon les 3 territoires qui composent le Grand Est&nbsp;: les identit\u00e9s territoriales sont historiques et fortes&nbsp;: Champagne-Ardenne, Lorraine et d\u2019Alsace. C\u2019est pourquoi\r\n                                    3 ARIAs repr\u00e9sentent&nbsp;les entreprises alimentaires et forment \u00ab&nbsp;les ARIAs du Grand Est&nbsp;\u00bb&nbsp;:<\/p>\r\n                                  <ul>\r\n                                    <li>L\u2019\r\n                                      <a href=\"http:\/\/www.aria-alsace.com\" style=\"color: rgb(85, 146, 220); font-size: 1em; font-weight: 400; font-family: &quot;Open Sans&quot;;\" class=\"customize-unpreviewable\">ARIA Alsace<\/a>,<\/li>\r\n                                    <li>l\u2019\r\n                                      <a href=\"https:\/\/www.iaa-lorraine.fr\" style=\"color: rgb(85, 146, 220); font-size: 1em; font-weight: 400; font-family: &quot;Open Sans&quot;;\" class=\"customize-unpreviewable\">ARIA Lorraine<\/a>&nbsp;(port\u00e9 par le CRITT Agria Grand Est),<\/li>\r\n                                    <li>et l\u2019\r\n                                      <a href=\"https:\/\/savourez-la-champagne-ardenne.fr\" style=\"color: rgb(85, 146, 220); font-size: 1em; font-weight: 400; font-family: &quot;Open Sans&quot;;\" class=\"customize-unpreviewable\">ARIA Champagne Ardenne<\/a>&nbsp;(Savourez la Champagne Ardenne).<\/li>\r\n                                  <\/ul>\r\n                                  <p>Ancr\u00e9e sur le terrain, chacune d\u00e9ploie ses actions aupr\u00e8s des entreprises agroalimentaires de son territoire. Ces associations sont aussi conscientes de leur force collective. Dans un int\u00e9r\u00eat de mutualisation, et s\u2019appuyant\r\n                                    sur leurs comp\u00e9tences particuli\u00e8res, chaque ARIA pilote 2 axes&nbsp;:<\/p>\r\n                                  <p>\r\n                                    <a href=\"https:\/\/savourez-la-champagne-ardenne.fr\" style=\"color: rgb(85, 146, 220); font-size: 1em; font-weight: 400; font-family: &quot;Open Sans&quot;;\" class=\"customize-unpreviewable\">\r\n                                      <u>Champagne Ardenne&nbsp;:<\/u>\r\n                                    <\/a>\r\n                                  <\/p>\r\n                                  <ul>\r\n                                    <li>D\u00e9veloppement commercial<\/li>\r\n                                    <li>Logistique et Supply Chain<\/li>\r\n                                  <\/ul>\r\n                                  <p>\r\n                                    <a href=\"https:\/\/www.iaa-lorraine.fr\" style=\"color: rgb(85, 146, 220); font-size: 1em; font-weight: 400; font-family: &quot;Open Sans&quot;;\" class=\"customize-unpreviewable\">\r\n                                      <u>Lorraine&nbsp;:<\/u>\r\n                                    <\/a>\r\n                                  <\/p>\r\n                                  <ul>\r\n                                    <li>Innovation et comp\u00e9titivit\u00e9<\/li>\r\n                                    <li>Formation\u2013emploi\u2013attractivit\u00e9 du secteur<\/li>\r\n                                  <\/ul>\r\n                                  <p>\r\n                                    <a href=\"http:\/\/www.aria-alsace.com\" style=\"color: rgb(85, 146, 220); font-size: 1em; font-weight: 400; font-family: &quot;Open Sans&quot;;\" class=\"customize-unpreviewable\">\r\n                                      <u>Alsace :<\/u>\r\n                                    <\/a>\r\n                                  <\/p>\r\n                                  <ul>\r\n                                    <li>Export et Salons en partenariat avec CCI International et CCI Alsace Eurom\u00e9tropole<\/li>\r\n                                    <li>RSE et D\u00e9veloppement Durable en partenariat avec Initiatives Durables<\/li>\r\n                                  <\/ul>\r\n                                  <p>Une coordination tr\u00e8s r\u00e9guli\u00e8re entre les 3 ARIAs permet l\u2019animation et la promotion des ARIAs Grand Est de fa\u00e7on transversale&nbsp;(interlocuteur des pouvoirs publics, repr\u00e9sentation des 3 associations, promotion au\r\n                                    niveau r\u00e9gional et national).<\/p>\r\n                                <\/div>\r\n                            <\/div>\r\n                            <div data-colibri-id=\"1074-c22\" class=\"h-global-transition-all h-heading style-1102 style-local-1074-c22 position-relative h-element\">\r\n                              <!---->\r\n                              <div class=\"h-heading__outer style-1102 style-local-1074-c22\">\r\n                                <!---->\r\n                                <!---->\r\n                                <h5 class=\"\"><span style=\"color: rgb(22, 102, 176); font-family: &quot;Open Sans&quot;; font-weight: 600;\">Antoine CROS-MAYREVIEILLE<\/span><span style=\"font-family: &quot;Open Sans&quot;; font-weight: 600;\">, pr\u00e9sident Agria Grand Est <br><\/span>\r\n                                  <span\r\n                                    style=\"font-family: &quot;Open Sans&quot;; font-weight: 600; color: rgb(22, 102, 176);\">S\u00e9bastien MULLER<\/span><span style=\"font-family: &quot;Open Sans&quot;; font-weight: 600;\">, pr\u00e9sident ARIA ALSACE<br><\/span><span style=\"font-family: &quot;Open Sans&quot;; font-weight: 600; color: rgb(22, 102, 176);\">Ang\u00e9lique GUILLEMINOT<\/span>\r\n                                    <span\r\n                                      style=\"font-family: &quot;Open Sans&quot;; font-weight: 600;\">, pr\u00e9sidente Savourez la Champagne Ardenne.<\/span>\r\n                                <\/h5>\r\n                              <\/div>\r\n                            <\/div>\r\n                          <\/div>\r\n                        <\/div>\r\n                      <\/div>\r\n                    <\/div>\r\n                  <\/div>\r\n                  <div class=\"resize-triggers\">\r\n                    <div class=\"expand-trigger\">\r\n                      <div style=\"width: 1px; height: 1px;\"><\/div>\r\n                    <\/div>\r\n                    <div class=\"contract-trigger\"><\/div>\r\n                  <\/div>\r\n                <\/div>\r\n                <div data-colibri-id=\"1074-c30\" class=\"h-swiper-arrow__outer justify-content-lg-start justify-content-md-start justify-content-center align-items-lg-center align-items-md-center align-items-end style-1104 style-local-1074-c30 position-relative h-element\">\r\n                  <!---->\r\n                  <div id=\"swiper-arrow__1074-c30\" class=\"h-swiper-arrow h-slider-navigation-arrow swiper-button-prev\">\r\n                    <div data-colibri-id=\"1074-c31\" class=\"h-icon style-1105 style-local-1074-c31 position-relative h-element\">\r\n                      <!----><span class=\"h-svg-icon h-icon__icon style-1105-icon style-local-1074-c31-icon\"><!--Icon by Icons8 Line Awesome (https:\/\/icons8.com\/line-awesome)--><svg version=\"1.1\" xmlns=\"http:\/\/www.w3.org\/2000\/svg\" xmlns:xlink=\"http:\/\/www.w3.org\/1999\/xlink\" id=\"angle-left\" viewBox=\"0 0 512 545.5\"><path d=\"M304.5 100.5l23 23L163 288l164.5 164.5-23 23-176-176-11-11.5 11-11.5z\"><\/path><\/svg><\/span><\/div>\r\n                  <\/div>\r\n                <\/div>\r\n                <div data-colibri-id=\"1074-c32\" class=\"h-swiper-arrow__outer justify-content-lg-end justify-content-md-end justify-content-center align-items-lg-center align-items-md-center align-items-end style-1106 style-local-1074-c32 position-relative h-element\">\r\n                  <!---->\r\n                  <div id=\"swiper-arrow__1074-c32\" class=\"h-swiper-arrow h-slider-navigation-arrow swiper-button-next\">\r\n                    <div data-colibri-id=\"1074-c33\" class=\"h-icon style-1105 style-local-1074-c33 position-relative h-element\">\r\n                      <!----><span class=\"h-svg-icon h-icon__icon style-1105-icon style-local-1074-c33-icon\"><!--Icon by Icons8 Line Awesome (https:\/\/icons8.com\/line-awesome)--><svg version=\"1.1\" xmlns=\"http:\/\/www.w3.org\/2000\/svg\" xmlns:xlink=\"http:\/\/www.w3.org\/1999\/xlink\" id=\"angle-right\" viewBox=\"0 0 512 545.5\"><path d=\"M207.5 100.5l176 176 11 11.5-11 11.5-176 176-23-23L349 288 184.5 123.5z\"><\/path><\/svg><\/span><\/div>\r\n                  <\/div>\r\n                <\/div>\r\n              <\/div>\r\n            <\/div>\r\n          <\/div>\r\n        <\/div>\r\n      <\/div>\r\n    <\/div>\r\n  <\/div>\r\n<\/div>\r\n<\/div>","protected":false},"excerpt":{"rendered":"<p>Les entreprises alimentaires sont diff\u00e9rentes selon les 3 territoires qui composent le Grand Est&nbsp;: les identit\u00e9s territoriales sont historiques et fortes&nbsp;: Champagne-Ardenne, Lorraine et d\u2019Alsace. C\u2019est pourquoi 3 ARIAs repr\u00e9sentent&nbsp;les [&hellip;]<\/p>\n","protected":false},"author":2,"featured_media":0,"parent":0,"menu_order":0,"comment_status":"closed","ping_status":"closed","template":"page-templates\/full-width-page.php","meta":{"om_disable_all_campaigns":false,"_monsterinsights_skip_tracking":false,"_monsterinsights_sitenote_active":false,"_monsterinsights_sitenote_note":"","_monsterinsights_sitenote_category":0,"footnotes":""},"class_list":["post-1074","page","type-page","status-publish","hentry"],"aioseo_notices":[],"_links":{"self":[{"href":"https:\/\/les-arias-grandest.fr\/index.php\/wp-json\/wp\/v2\/pages\/1074","targetHints":{"allow":["GET"]}}],"collection":[{"href":"https:\/\/les-arias-grandest.fr\/index.php\/wp-json\/wp\/v2\/pages"}],"about":[{"href":"https:\/\/les-arias-grandest.fr\/index.php\/wp-json\/wp\/v2\/types\/page"}],"author":[{"embeddable":true,"href":"https:\/\/les-arias-grandest.fr\/index.php\/wp-json\/wp\/v2\/users\/2"}],"replies":[{"embeddable":true,"href":"https:\/\/les-arias-grandest.fr\/index.php\/wp-json\/wp\/v2\/comments?post=1074"}],"version-history":[{"count":1,"href":"https:\/\/les-arias-grandest.fr\/index.php\/wp-json\/wp\/v2\/pages\/1074\/revisions"}],"predecessor-version":[{"id":5298,"href":"https:\/\/les-arias-grandest.fr\/index.php\/wp-json\/wp\/v2\/pages\/1074\/revisions\/5298"}],"wp:attachment":[{"href":"https:\/\/les-arias-grandest.fr\/index.php\/wp-json\/wp\/v2\/media?parent=1074"}],"curies":[{"name":"wp","href":"https:\/\/api.w.org\/{rel}","templated":true}]}}