{"id":2,"date":"2023-05-19T18:18:43","date_gmt":"2023-05-19T16:18:43","guid":{"rendered":"http:\/\/les-arias-grandest.fr\/?page_id=2"},"modified":"2024-09-12T17:06:31","modified_gmt":"2024-09-12T15:06:31","slug":"page-d-exemple","status":"publish","type":"page","link":"https:\/\/les-arias-grandest.fr\/index.php\/page-d-exemple\/","title":{"rendered":"Contact"},"content":{"rendered":"<div data-colibri-id=\"2-c1\" class=\"style-1468 style-local-2-c1 position-relative\">\n  <!---->\n  <div data-colibri-component=\"section\" data-colibri-id=\"2-c2\" id=\"contact\" class=\"h-section h-section-global-spacing d-flex align-items-lg-center align-items-md-center align-items-center style-1473 style-local-2-c2 position-relative\">\n    <div class=\"background-wrapper\">\n      <div class=\"background-layer background-layer-media-container-lg\">\n        <!---->\n        <div class=\"overlay-layer\">\n          <div class=\"overlay-image-layer\" style=\"background-color: rgb(23, 37, 42); opacity: 0.5;\"><\/div>\n        <\/div>\n      <\/div>\n      <div class=\"background-layer background-layer-media-container-md\">\n        <!---->\n        <div class=\"overlay-layer\">\n          <div class=\"overlay-image-layer\" style=\"background-color: rgb(23, 37, 42); opacity: 0.5;\"><\/div>\n        <\/div>\n      <\/div>\n      <div class=\"background-layer background-layer-media-container\">\n        <!---->\n        <div class=\"overlay-layer\">\n          <div class=\"overlay-image-layer\" style=\"background-color: rgb(23, 37, 42); opacity: 0.5;\"><\/div>\n        <\/div>\n      <\/div>\n    <\/div>\n    <!---->\n    <div class=\"h-section-grid-container h-section-boxed-container\">\n      <!---->\n      <div data-colibri-id=\"2-c3\" class=\"h-row-container gutters-row-lg-2 gutters-row-md-2 gutters-row-2 gutters-row-v-lg-2 gutters-row-v-md-2 gutters-row-v-2 style-1474 style-local-2-c3 position-relative\">\n        <!---->\n        <div class=\"h-row justify-content-lg-center justify-content-md-center justify-content-center align-items-lg-stretch align-items-md-stretch align-items-stretch gutters-col-lg-2 gutters-col-md-2 gutters-col-2 gutters-col-v-lg-2 gutters-col-v-md-2 gutters-col-v-2\">\n          <!---->\n          <div class=\"h-column h-column-container d-flex h-col-lg-auto h-col-md-auto h-col-auto style-1475-outer style-local-2-c4-outer\">\n            <div data-colibri-id=\"2-c4\" class=\"d-flex h-flex-basis h-column__inner h-px-lg-0 h-px-md-0 h-px-0 v-inner-lg-0 v-inner-md-0 v-inner-0 style-1475 style-local-2-c4 position-relative\">\n              <!---->\n              <!---->\n              <div class=\"w-100 h-y-container h-column__content h-column__v-align flex-basis-100 align-self-lg-start align-self-md-start align-self-start\">\n                <!---->\n                <div data-colibri-id=\"2-c5\" class=\"h-row-container gutters-row-lg-0 gutters-row-md-0 gutters-row-0 gutters-row-v-lg-0 gutters-row-v-md-0 gutters-row-v-0 style-1476 style-local-2-c5 position-relative\">\n                  <!---->\n                  <div class=\"h-row justify-content-lg-center justify-content-md-center justify-content-center align-items-lg-stretch align-items-md-stretch align-items-stretch gutters-col-lg-0 gutters-col-md-0 gutters-col-0 gutters-col-v-lg-0 gutters-col-v-md-0 gutters-col-v-0\">\n                    <!---->\n                    <div class=\"h-column h-column-container d-flex h-col-lg-auto h-col-md-auto h-col-auto style-1477-outer style-local-2-c6-outer\">\n                      <div data-colibri-id=\"2-c6\" class=\"d-flex h-flex-basis h-column__inner h-px-lg-0 h-px-md-0 h-px-0 v-inner-lg-0 v-inner-md-0 v-inner-0 style-1477 style-local-2-c6 position-relative\">\n                        <div class=\"background-wrapper\">\n                          <div class=\"background-layer background-layer-media-container-lg\">\n                            <div class=\"background-layer\">\n                              <div id=\"background-video-2-c6-desktop\" data-video=\"https:\/\/www.youtube.com\/watch?v=1SdtHEoaWEI&amp;pp=ygUdVklERU8gTElCUkUgREUgRFJPSVQgQUxJTUVOVFM%3D\" data-poster=\"https:\/\/les-arias-grandest.fr\/wp-content\/plugins\/colibri-page-builder-pro\/\/extend-builder\/assets\/images\/colibri-demo-video-cover.jpg\"\n                                data-mime-type=\"video\/x-youtube\" data-position-x=\"50.0000\" data-position-y=\"50.0000\" data-colibri-component=\"video-background\" class=\"cp-video-bg background-layer colibri-video-background lazyload\" style=\"background-image:inherit;\" data-bg-image=\"url(&quot;https:\/\/les-arias-grandest.fr\/wp-content\/plugins\/colibri-page-builder-pro\/\/extend-builder\/assets\/images\/colibri-demo-video-cover.jpg&quot;)\"><\/div>\n                            <\/div>\n                            <div class=\"overlay-layer\">\n                              <div class=\"overlay-image-layer\" style=\"background-color: rgb(0, 0, 0); opacity: 0.5;\"><\/div>\n                            <\/div>\n                          <\/div>\n                          <div class=\"background-layer background-layer-media-container-md\">\n                            <div class=\"background-layer\">\n                              <div id=\"background-video-2-c6-tablet\" data-video=\"https:\/\/www.youtube.com\/watch?v=1SdtHEoaWEI&amp;pp=ygUdVklERU8gTElCUkUgREUgRFJPSVQgQUxJTUVOVFM%3D\" data-poster=\"https:\/\/les-arias-grandest.fr\/wp-content\/plugins\/colibri-page-builder-pro\/\/extend-builder\/assets\/images\/colibri-demo-video-cover.jpg\"\n                                data-mime-type=\"video\/x-youtube\" data-position-x=\"50.0000\" data-position-y=\"50.0000\" data-colibri-component=\"video-background\" class=\"cp-video-bg background-layer colibri-video-background lazyload\" style=\"background-image:inherit;\" data-bg-image=\"url(&quot;https:\/\/les-arias-grandest.fr\/wp-content\/plugins\/colibri-page-builder-pro\/\/extend-builder\/assets\/images\/colibri-demo-video-cover.jpg&quot;)\"><\/div>\n                            <\/div>\n                            <div class=\"overlay-layer\">\n                              <div class=\"overlay-image-layer\" style=\"background-color: rgb(0, 0, 0); opacity: 0.5;\"><\/div>\n                            <\/div>\n                          <\/div>\n                          <div class=\"background-layer background-layer-media-container\">\n                            <div class=\"background-layer\">\n                              <div id=\"background-video-2-c6-mobile\" data-video=\"https:\/\/www.youtube.com\/watch?v=1SdtHEoaWEI&amp;pp=ygUdVklERU8gTElCUkUgREUgRFJPSVQgQUxJTUVOVFM%3D\" data-poster=\"https:\/\/les-arias-grandest.fr\/wp-content\/plugins\/colibri-page-builder-pro\/\/extend-builder\/assets\/images\/colibri-demo-video-cover.jpg\"\n                                data-mime-type=\"video\/x-youtube\" data-position-x=\"50.0000\" data-position-y=\"50.0000\" data-colibri-component=\"video-background\" class=\"cp-video-bg background-layer colibri-video-background lazyload\" style=\"background-image:inherit;\" data-bg-image=\"url(&quot;https:\/\/les-arias-grandest.fr\/wp-content\/plugins\/colibri-page-builder-pro\/\/extend-builder\/assets\/images\/colibri-demo-video-cover.jpg&quot;)\"><\/div>\n                            <\/div>\n                            <div class=\"overlay-layer\">\n                              <div class=\"overlay-image-layer\" style=\"background-color: rgb(0, 0, 0); opacity: 0.5;\"><\/div>\n                            <\/div>\n                          <\/div>\n                        <\/div>\n                        <!---->\n                        <div class=\"w-100 h-y-container h-column__content h-column__v-align flex-basis-100 align-self-lg-center align-self-md-center align-self-center\">\n                          <!---->\n                          <div data-colibri-id=\"2-c7\" class=\"h-global-transition-all h-heading style-1478 style-local-2-c7 position-relative h-element\">\n                            <!---->\n                            <div class=\"h-heading__outer style-1478 style-local-2-c7\">\n                              <!---->\n                              <!---->\n                              <h4 class=\"\">CONTACTEZ-NOUS\n                                <br>EN REMPLISSANT\n                                <br>CE FORMULAIRE<\/h4>\n                            <\/div>\n                          <\/div>\n                          <div data-colibri-id=\"2-c8\" class=\"h-icon style-1479 style-local-2-c8 position-relative h-element\">\n                            <!----><span class=\"h-svg-icon h-icon__icon style-1479-icon style-local-2-c8-icon\"><!--Icon by Material Icons (https:\/\/material.io)--><svg version=\"1.1\" xmlns=\"http:\/\/www.w3.org\/2000\/svg\" xmlns:xlink=\"http:\/\/www.w3.org\/1999\/xlink\" id=\"message\" viewBox=\"0 0 512 512\"><path d=\"M384 171v-43H128v43h256zm0 64v-43H128v43h256zm0 64v-43H128v43h256zm43-256q17 0 29.5 12.5T469 85v256q0 17-12.5 30T427 384H128l-85 85V85q0-17 12.5-29.5T85 43h342z\"><\/path><\/svg><\/span><\/div>\n                          <div\n                            data-colibri-id=\"2-c9\" class=\"h-global-transition-all h-heading style-1480 style-local-2-c9 position-relative h-element\">\n                            <!---->\n                            <div class=\"h-heading__outer style-1480 style-local-2-c9\">\n                              <!---->\n                              <!---->\n                              <a href=\"https:\/\/www.linkedin.com\/company\/arias-grand-est\" target=\"_blank\" h-use-smooth-scroll=\"true\" rel=\"noopener\">\n                                <h5 class=\"\">SUIVEZ-NOUS SUR<\/h5>\n                              <\/a>\n                            <\/div>\n                        <\/div>\n                        <div data-colibri-id=\"2-c10\" class=\"style-1481 style-local-2-c10 position-relative h-element\">\n                          <!---->\n                          <div class=\"d-flex flex-wrap h-social-icons justify-content-lg-center justify-content-md-center justify-content-center\">\n                            <div class=\"social-icon-container d-inline-flex\">\n                              <a href=\"https:\/\/www.linkedin.com\/company\/arias-grand-est\" target=\"_blank\" h-use-smooth-scroll=\"true\" rel=\"noopener\">\n                                <div class=\"icon-container h-social-icon h-global-transition\">\n                                  <div class=\"h-icon-svg\" style=\"width: 100%; height: 100%;\">\n                                    <!--Icon by Socicon (http:\/\/www.socicon.com)-->\n                                    <svg version=\"1.1\" xmlns=\"http:\/\/www.w3.org\/2000\/svg\" viewBox=\"0 0 1500 1500\">\n\n                                      <path d=\"M1122.070 767.578c-20.508-23.438-55.664-35.156-105.469-35.156-64.453 0-108.398 20.508-134.766 55.664-26.367 38.086-38.086 90.82-38.086 158.203v512.695c0 8.789-2.93 17.578-11.719 26.367-5.859 5.859-17.578 11.719-26.367 11.719h-269.531c-8.789 0-17.578-5.859-26.367-11.719-5.859-8.789-11.719-17.578-11.719-26.367v-946.289c0-8.789 5.859-17.578 11.719-26.367 8.789-5.859 17.578-11.719 26.367-11.719h260.742c8.789 0 17.578 2.93 23.438 5.859s8.789 11.719 11.719 20.508c0 8.789 2.93 17.578 2.93 20.508s0 11.719 0 23.438c67.383-64.453 158.203-93.75 266.602-93.75 125.977 0 222.656 29.297 292.969 90.82 70.313 64.453 105.469 155.273 105.469 278.32v638.672c0 8.789-2.93 17.578-11.719 26.367-5.859 5.859-17.578 11.719-26.367 11.719h-275.391c-8.789 0-17.578-5.859-26.367-11.719-5.859-8.789-11.719-17.578-11.719-26.367v-577.148c0-49.805-8.789-87.891-26.367-114.258zM310.547 313.477c-35.156 35.156-79.102 52.734-128.906 52.734s-93.75-17.578-128.906-52.734c-35.156-35.156-52.734-76.172-52.734-128.906 0-49.805 17.578-90.82 52.734-125.977s79.102-55.664 128.906-55.664c49.805 0 93.75 20.508 128.906 55.664s52.734 76.172 52.734 125.977c0 52.734-17.578 93.75-52.734 128.906zM354.492 512.695v946.289c0 8.789-5.859 17.578-11.719 26.367-8.789 5.859-17.578 11.719-26.367 11.719h-269.531c-8.789 0-17.578-5.859-26.367-11.719-5.859-8.789-11.719-17.578-11.719-26.367v-946.289c0-8.789 5.859-17.578 11.719-26.367 8.789-5.859 17.578-11.719 26.367-11.719h269.531c8.789 0 17.578 5.859 26.367 11.719 5.859 8.789 11.719 17.578 11.719 26.367z\"><\/path>\n                                    <\/svg>\n                                  <\/div>\n                                <\/div>\n                              <\/a>\n                            <\/div>\n                          <\/div>\n                        <\/div>\n                      <\/div>\n                    <\/div>\n                  <\/div>\n                  <div class=\"h-column h-column-container d-flex h-col-lg-auto h-col-md-auto h-col-auto style-1482-outer style-local-2-c11-outer\">\n                    <div data-colibri-id=\"2-c11\" class=\"d-flex h-flex-basis h-column__inner h-px-lg-0 h-px-md-0 h-px-0 v-inner-lg-0 v-inner-md-0 v-inner-0 style-1482 style-local-2-c11 position-relative\">\n                      <!---->\n                      <!---->\n                      <div class=\"w-100 h-y-container h-column__content h-column__v-align flex-basis-100 align-self-lg-center align-self-md-center align-self-center\">\n                        <!---->\n                        <div data-colibri-id=\"2-c12\" class=\"style-1483 style-local-2-c12 position-relative h-element\">\n                          <!---->\n                          <div class=\"h-global-transition-all h-global-transition h-global-transition-all h-contact-form-shortcode\">\n<div class=\"wpcf7 no-js\" id=\"wpcf7-f4838-o1\" lang=\"fr-FR\" dir=\"ltr\" data-wpcf7-id=\"4838\">\n<div class=\"screen-reader-response\"><p role=\"status\" aria-live=\"polite\" aria-atomic=\"true\"><\/p> <ul><\/ul><\/div>\n<form action=\"\/index.php\/wp-json\/wp\/v2\/pages\/2#wpcf7-f4838-o1\" method=\"post\" class=\"wpcf7-form init\" aria-label=\"Formulaire de contact\" novalidate=\"novalidate\" data-status=\"init\">\n<div style=\"display: none;\">\n<input type=\"hidden\" name=\"_wpcf7\" value=\"4838\" \/>\n<input type=\"hidden\" name=\"_wpcf7_version\" value=\"6.0.3\" \/>\n<input type=\"hidden\" name=\"_wpcf7_locale\" value=\"fr_FR\" \/>\n<input type=\"hidden\" name=\"_wpcf7_unit_tag\" value=\"wpcf7-f4838-o1\" \/>\n<input type=\"hidden\" name=\"_wpcf7_container_post\" value=\"0\" \/>\n<input type=\"hidden\" name=\"_wpcf7_posted_data_hash\" value=\"\" \/>\n<\/div>\n<p><label> Votre nom<br \/>\n<span class=\"wpcf7-form-control-wrap\" data-name=\"your-name\"><input size=\"40\" maxlength=\"400\" class=\"wpcf7-form-control wpcf7-text wpcf7-validates-as-required\" autocomplete=\"name\" aria-required=\"true\" aria-invalid=\"false\" value=\"\" type=\"text\" name=\"your-name\" \/><\/span> <\/label>\n<\/p>\n<p><label> Votre pr\u00e9nom<br \/>\n<span class=\"wpcf7-form-control-wrap\" data-name=\"your-name\"><input size=\"40\" maxlength=\"400\" class=\"wpcf7-form-control wpcf7-text wpcf7-validates-as-required\" autocomplete=\"name\" aria-required=\"true\" aria-invalid=\"false\" value=\"\" type=\"text\" name=\"your-name\" \/><\/span> <\/label>\n<\/p>\n<p><label> Votre e-mail<br \/>\n<span class=\"wpcf7-form-control-wrap\" data-name=\"your-email\"><input size=\"40\" maxlength=\"400\" class=\"wpcf7-form-control wpcf7-email wpcf7-validates-as-required wpcf7-text wpcf7-validates-as-email\" autocomplete=\"email\" aria-required=\"true\" aria-invalid=\"false\" value=\"\" type=\"email\" name=\"your-email\" \/><\/span> <\/label>\n<\/p>\n<p><label> Votre num\u00e9ro de t\u00e9l\u00e9phone<br \/>\n<span class=\"wpcf7-form-control-wrap\" data-name=\"tel-319\"><input size=\"40\" maxlength=\"400\" class=\"wpcf7-form-control wpcf7-tel wpcf7-validates-as-required wpcf7-text wpcf7-validates-as-tel\" aria-required=\"true\" aria-invalid=\"false\" value=\"\" type=\"tel\" name=\"tel-319\" \/><\/span> <\/label>\n<\/p>\n<p><label> Objet<br \/>\n<span class=\"wpcf7-form-control-wrap\" data-name=\"your-subject\"><input size=\"40\" maxlength=\"400\" class=\"wpcf7-form-control wpcf7-text wpcf7-validates-as-required\" aria-required=\"true\" aria-invalid=\"false\" value=\"\" type=\"text\" name=\"your-subject\" \/><\/span> <\/label>\n<\/p>\n<p><label> Votre message<br \/>\n<span class=\"wpcf7-form-control-wrap\" data-name=\"your-message\"><textarea cols=\"40\" rows=\"10\" maxlength=\"2000\" class=\"wpcf7-form-control wpcf7-textarea wpcf7-validates-as-required\" aria-required=\"true\" aria-invalid=\"false\" name=\"your-message\"><\/textarea><\/span> <\/label>\n<\/p>\n<p><span class=\"wpcf7-form-control-wrap\" data-name=\"quiz-6\"><label><span class=\"wpcf7-quiz-label\">1+1=?<\/span> <input size=\"40\" class=\"wpcf7-form-control wpcf7-quiz\" autocomplete=\"off\" aria-required=\"true\" aria-invalid=\"false\" type=\"text\" name=\"quiz-6\" \/><\/label><input type=\"hidden\" name=\"_wpcf7_quiz_answer_quiz-6\" value=\"a7a1f56a65577e87fa77fae45af8c209\" \/><\/span>\n<\/p>\n<p><input class=\"wpcf7-form-control wpcf7-submit has-spinner\" type=\"submit\" value=\"Envoyer\" \/>\n<\/p><p style=\"display: none !important;\" class=\"akismet-fields-container\" data-prefix=\"_wpcf7_ak_\"><label>&#916;<textarea name=\"_wpcf7_ak_hp_textarea\" cols=\"45\" rows=\"8\" maxlength=\"100\"><\/textarea><\/label><input type=\"hidden\" id=\"ak_js_1\" name=\"_wpcf7_ak_js\" value=\"215\"\/><script>document.getElementById( \"ak_js_1\" ).setAttribute( \"value\", ( new Date() ).getTime() );<\/script><\/p><div class=\"wpcf7-response-output\" aria-hidden=\"true\"><\/div>\n<\/form>\n<\/div>\n<\/div>\n                        <\/div>\n                        <div data-colibri-id=\"2-c13\" class=\"h-text h-text-component style-1484 style-local-2-c13 position-relative h-element\">\n                          <!---->\n                          <!---->\n                          <div class=\"\">\n                            <p>\n                              <a href=\"https:\/\/les-arias-grandest.fr\/index.php\/colibri-wp\/politique-de-confidentialite\" target=\"_blank\" style=\"font-weight: 700; font-family: &quot;Abhaya Libre&quot;;\" rel=\"noopener\"><em>Politique de confidentialit\u00e9<\/em><\/a>\n                            <\/p>\n                            <p>\n                              <br>\n                            <\/p>\n                          <\/div>\n                        <\/div>\n                      <\/div>\n                    <\/div>\n                  <\/div>\n                <\/div>\n              <\/div>\n            <\/div>\n          <\/div>\n        <\/div>\n      <\/div>\n    <\/div>\n  <\/div>\n<\/div>\n<\/div>","protected":false},"excerpt":{"rendered":"<p>CONTACTEZ-NOUS EN REMPLISSANT CE FORMULAIRE SUIVEZ-NOUS SUR Politique de confidentialit\u00e9<\/p>\n","protected":false},"author":1,"featured_media":0,"parent":0,"menu_order":0,"comment_status":"closed","ping_status":"closed","template":"page-templates\/full-width-page.php","meta":{"om_disable_all_campaigns":false,"_monsterinsights_skip_tracking":false,"_monsterinsights_sitenote_active":false,"_monsterinsights_sitenote_note":"","_monsterinsights_sitenote_category":0,"footnotes":""},"class_list":["post-2","page","type-page","status-publish","hentry"],"aioseo_notices":[],"_links":{"self":[{"href":"https:\/\/les-arias-grandest.fr\/index.php\/wp-json\/wp\/v2\/pages\/2","targetHints":{"allow":["GET"]}}],"collection":[{"href":"https:\/\/les-arias-grandest.fr\/index.php\/wp-json\/wp\/v2\/pages"}],"about":[{"href":"https:\/\/les-arias-grandest.fr\/index.php\/wp-json\/wp\/v2\/types\/page"}],"author":[{"embeddable":true,"href":"https:\/\/les-arias-grandest.fr\/index.php\/wp-json\/wp\/v2\/users\/1"}],"replies":[{"embeddable":true,"href":"https:\/\/les-arias-grandest.fr\/index.php\/wp-json\/wp\/v2\/comments?post=2"}],"version-history":[{"count":1,"href":"https:\/\/les-arias-grandest.fr\/index.php\/wp-json\/wp\/v2\/pages\/2\/revisions"}],"predecessor-version":[{"id":4841,"href":"https:\/\/les-arias-grandest.fr\/index.php\/wp-json\/wp\/v2\/pages\/2\/revisions\/4841"}],"wp:attachment":[{"href":"https:\/\/les-arias-grandest.fr\/index.php\/wp-json\/wp\/v2\/media?parent=2"}],"curies":[{"name":"wp","href":"https:\/\/api.w.org\/{rel}","templated":true}]}}