{"id":3472,"date":"2024-01-17T09:47:29","date_gmt":"2024-01-17T08:47:29","guid":{"rendered":"https:\/\/les-arias-grandest.fr\/?page_id=3472"},"modified":"2025-11-05T09:39:03","modified_gmt":"2025-11-05T08:39:03","slug":"salon-professionnel-de-lepicerie-fine-grand-est","status":"publish","type":"page","link":"https:\/\/les-arias-grandest.fr\/index.php\/salon-professionnel-de-lepicerie-fine-grand-est\/","title":{"rendered":"Salon professionnel de l\u2019Epicerie Fine Grand Est"},"content":{"rendered":"<div data-colibri-id=\"3472-c1\" class=\"style-1381 style-local-3472-c1 position-relative\">\n  <!---->\n  <div data-colibri-component=\"section\" data-colibri-id=\"3472-c2\" id=\"content-2\" class=\"h-section h-section-global-spacing d-flex align-items-lg-center align-items-md-center align-items-center style-1414 style-local-3472-c2 position-relative\">\n    <!---->\n    <!---->\n    <div class=\"h-section-grid-container h-section-boxed-container\">\n      <!---->\n      <div data-colibri-id=\"3472-c5\" class=\"h-row-container gutters-row-lg-2 gutters-row-md-2 gutters-row-2 gutters-row-v-lg-2 gutters-row-v-md-2 gutters-row-v-2 style-1415 style-local-3472-c5 position-relative\">\n        <!---->\n        <div class=\"h-row justify-content-lg-center justify-content-md-center justify-content-center align-items-lg-stretch align-items-md-stretch align-items-stretch gutters-col-lg-2 gutters-col-md-2 gutters-col-2 gutters-col-v-lg-2 gutters-col-v-md-2 gutters-col-v-2\">\n          <!---->\n          <div class=\"h-column h-column-container d-flex h-col-lg-auto h-col-md-auto h-col-auto style-1426-outer style-local-3472-c20-outer\">\n            <div data-colibri-id=\"3472-c20\" class=\"d-flex h-flex-basis h-column__inner h-ui-empty-state-container h-px-lg-0 h-px-md-0 h-px-0 v-inner-lg-0 v-inner-md-0 v-inner-0 style-1426 style-local-3472-c20 position-relative\">\n              <!---->\n              <!---->\n              <div class=\"w-100 h-y-container h-column__content h-column__v-align flex-basis-100\">\n                <!---->\n              <\/div>\n            <\/div>\n          <\/div>\n        <\/div>\n      <\/div>\n    <\/div>\n  <\/div>\n  <div data-colibri-component=\"section\" data-colibri-id=\"3472-c22\" id=\"overlappable\" class=\"h-section h-section-global-spacing d-flex align-items-lg-center align-items-md-center align-items-center style-1386 style-local-3472-c22 position-relative\">\n    <!---->\n    <!---->\n    <div class=\"h-section-grid-container h-section-boxed-container\">\n      <!---->\n      <div data-colibri-id=\"3472-c39\" class=\"h-row-container gutters-row-lg-2 gutters-row-md-2 gutters-row-0 gutters-row-v-lg-2 gutters-row-v-md-2 gutters-row-v-2 style-1734 style-local-3472-c39 position-relative\">\n        <!---->\n        <div class=\"h-row justify-content-lg-center justify-content-md-center justify-content-center align-items-lg-stretch align-items-md-stretch align-items-stretch gutters-col-lg-2 gutters-col-md-2 gutters-col-0 gutters-col-v-lg-2 gutters-col-v-md-2 gutters-col-v-2\">\n          <!---->\n          <div class=\"h-column h-column-container d-flex h-col-lg-auto h-col-md-auto h-col-auto style-1735-outer style-local-3472-c40-outer\">\n            <div data-colibri-id=\"3472-c40\" class=\"d-flex h-flex-basis h-column__inner h-px-lg-2 h-px-md-2 h-px-2 v-inner-lg-2 v-inner-md-2 v-inner-2 style-1735 style-local-3472-c40 position-relative\">\n              <!---->\n              <!---->\n              <div class=\"w-100 h-y-container h-column__content h-column__v-align flex-basis-100 align-self-lg-start align-self-md-start align-self-start\">\n                <!---->\n                <div data-colibri-id=\"3472-c41\" class=\"d-block style-1736 style-local-3472-c41 position-relative h-element\">\n                  <!---->\n                  <div class=\"h-image__frame-container-outer\">\n                    <div class=\"h-image__frame-container\">\n                      <!---->\n                      <!---->\n                      <img decoding=\"async\" data-src=\"https:\/\/les-arias-grandest.fr\/wp-content\/uploads\/2025\/11\/cropped-P1190228-2048x1365-1-1024x1024.jpg\" class=\"style-1736-image style-local-3472-c41-image lazyload\" src=\"data:image\/gif;base64,R0lGODlhAQABAAAAACH5BAEKAAEALAAAAAABAAEAAAICTAEAOw==\" style=\"--smush-placeholder-width: 1024px; --smush-placeholder-aspect-ratio: 1024\/1024;\">\n                      <div class=\"h-image__frame h-hide-lg h-hide-md h-hide-sm style-1736-frameImage style-local-3472-c41-frameImage\"><\/div>\n                    <\/div>\n                  <\/div>\n                <\/div>\n              <\/div>\n            <\/div>\n          <\/div>\n          <div class=\"h-column h-column-container d-flex h-col-lg-auto h-col-md-auto h-col-auto style-1737-outer style-local-3472-c42-outer\">\n            <div data-colibri-id=\"3472-c42\" class=\"d-flex h-flex-basis h-column__inner h-px-lg-2 h-px-md-2 h-px-2 v-inner-lg-2 v-inner-md-2 v-inner-2 style-1737 style-local-3472-c42 position-relative\">\n              <!---->\n              <!---->\n              <div class=\"w-100 h-y-container h-column__content h-column__v-align flex-basis-100 align-self-lg-start align-self-md-start align-self-start\">\n                <!---->\n                <div data-colibri-id=\"3472-c43\" class=\"d-block style-1738 style-local-3472-c43 position-relative h-element\">\n                  <!---->\n                  <div class=\"h-image__frame-container-outer\">\n                    <div class=\"h-image__frame-container\">\n                      <!---->\n                      <!---->\n                      <img decoding=\"async\" data-src=\"https:\/\/les-arias-grandest.fr\/wp-content\/uploads\/2025\/11\/cropped-P1190196-2048x1365-1-1024x1022.jpg\" class=\"style-1738-image style-local-3472-c43-image lazyload\" src=\"data:image\/gif;base64,R0lGODlhAQABAAAAACH5BAEKAAEALAAAAAABAAEAAAICTAEAOw==\" style=\"--smush-placeholder-width: 1024px; --smush-placeholder-aspect-ratio: 1024\/1022;\">\n                      <div class=\"h-image__frame h-hide-lg h-hide-md h-hide-sm style-1738-frameImage style-local-3472-c43-frameImage\"><\/div>\n                    <\/div>\n                  <\/div>\n                <\/div>\n              <\/div>\n            <\/div>\n          <\/div>\n          <div class=\"h-column h-column-container d-flex h-col-lg-auto h-col-md-auto h-col-auto style-1740-outer style-local-3472-c45-outer\">\n            <div data-colibri-id=\"3472-c45\" class=\"d-flex h-flex-basis h-column__inner h-px-lg-2 h-px-md-2 h-px-2 v-inner-lg-2 v-inner-md-2 v-inner-2 style-1740 style-local-3472-c45 position-relative\">\n              <!---->\n              <!---->\n              <div class=\"w-100 h-y-container h-column__content h-column__v-align flex-basis-100 align-self-lg-start align-self-md-start align-self-start\">\n                <!---->\n                <div data-colibri-id=\"3472-c46\" class=\"d-block style-1741 style-local-3472-c46 position-relative h-element\">\n                  <!---->\n                  <div class=\"h-image__frame-container-outer\">\n                    <div class=\"h-image__frame-container\">\n                      <!---->\n                      <!---->\n                      <img decoding=\"async\" width=\"1366\" height=\"1363\" data-src=\"https:\/\/les-arias-grandest.fr\/wp-content\/uploads\/2025\/11\/cropped-P1190450-2048x1365-1.jpg\" class=\"wp-image-6126 style-1741-image style-local-3472-c46-image lazyload\" alt=\"\" data-srcset=\"https:\/\/les-arias-grandest.fr\/wp-content\/uploads\/2025\/11\/cropped-P1190450-2048x1365-1.jpg 1366w, https:\/\/les-arias-grandest.fr\/wp-content\/uploads\/2025\/11\/cropped-P1190450-2048x1365-1-300x300.jpg 300w, https:\/\/les-arias-grandest.fr\/wp-content\/uploads\/2025\/11\/cropped-P1190450-2048x1365-1-1024x1022.jpg 1024w, https:\/\/les-arias-grandest.fr\/wp-content\/uploads\/2025\/11\/cropped-P1190450-2048x1365-1-150x150.jpg 150w, https:\/\/les-arias-grandest.fr\/wp-content\/uploads\/2025\/11\/cropped-P1190450-2048x1365-1-768x766.jpg 768w, https:\/\/les-arias-grandest.fr\/wp-content\/uploads\/2025\/11\/cropped-P1190450-2048x1365-1-1320x1317.jpg 1320w\" data-sizes=\"(max-width: 1366px) 100vw, 1366px\" src=\"data:image\/gif;base64,R0lGODlhAQABAAAAACH5BAEKAAEALAAAAAABAAEAAAICTAEAOw==\" style=\"--smush-placeholder-width: 1366px; --smush-placeholder-aspect-ratio: 1366\/1363;\" \/>\n                      <div class=\"h-image__frame h-hide-lg h-hide-md h-hide-sm style-1741-frameImage style-local-3472-c46-frameImage\"><\/div>\n                    <\/div>\n                  <\/div>\n                <\/div>\n              <\/div>\n            <\/div>\n          <\/div>\n        <\/div>\n      <\/div>\n      <div data-colibri-id=\"3472-c23\" class=\"h-row-container gutters-row-lg-0 gutters-row-md-0 gutters-row-0 gutters-row-v-lg-0 gutters-row-v-md-0 gutters-row-v-0 style-1387 style-local-3472-c23 position-relative\">\n        <!---->\n        <div class=\"h-row justify-content-lg-center justify-content-md-center justify-content-center align-items-lg-stretch align-items-md-stretch align-items-stretch gutters-col-lg-0 gutters-col-md-0 gutters-col-0 gutters-col-v-lg-0 gutters-col-v-md-0 gutters-col-v-0\">\n          <!---->\n          <div class=\"h-column h-column-container d-flex h-col-lg-auto h-col-md-auto h-col-auto style-1389-outer style-local-3472-c25-outer\">\n            <div data-colibri-id=\"3472-c25\" class=\"d-flex h-flex-basis h-column__inner h-px-lg-2 h-px-md-2 h-px-2 v-inner-lg-2 v-inner-md-2 v-inner-2 style-1389 style-local-3472-c25 position-relative\">\n              <!---->\n              <!---->\n              <div class=\"w-100 h-y-container h-column__content h-column__v-align flex-basis-100 align-self-lg-center align-self-md-center align-self-center\">\n                <!---->\n                <div data-colibri-id=\"3472-c26\" class=\"h-global-transition-all h-heading style-1600 style-local-3472-c26 position-relative h-element\">\n                  <!---->\n                  <div class=\"h-heading__outer style-1600 style-local-3472-c26\">\n                    <!---->\n                    <!---->\n                    <h1 class=\"\"><span style=\"font-family: Questrial;\">2EME EDITION !<\/span><\/h1>\n                  <\/div>\n                <\/div>\n                <div data-colibri-id=\"3472-c27\" class=\"h-global-transition-all h-heading style-1390 style-local-3472-c27 position-relative h-element\">\n                  <!---->\n                  <div class=\"h-heading__outer style-1390 style-local-3472-c27\">\n                    <!---->\n                    <!---->\n                    <h3 class=\"\"><span style=\"font-family: Questrial;\">Salon professionnel <br>de l\u2019Epicerie Fine Grand Est | Compte-rendu<\/span><\/h3>\n                  <\/div>\n                <\/div>\n                <div data-colibri-id=\"3472-c28\" class=\"h-text h-text-component style-1391 style-local-3472-c28 position-relative h-element\">\n                  <!---->\n                  <!---->\n                  <div class=\"\">\n                    <p>Dans le cadre d\u2019une initiative port\u00e9e par&nbsp;<strong>les ARIA du Grand Est<\/strong>, l\u2019association&nbsp;<strong><em>Savourez la Champagne-Ardenne !<\/em><\/strong>&nbsp;a organis\u00e9 un salon professionnel visant \u00e0 favoriser la rencontre\n                      entre les entreprises agroalimentaires du territoire Grand Est et les acteurs sp\u00e9cialis\u00e9s dans la distribution de produits d\u2019\u00e9picerie fine.<\/p>\n                    <p><strong>Date du salon<\/strong>&nbsp;: 14 avril 2025\n                      <br><strong>Lieu<\/strong>&nbsp;: Caveau Castelnau, 9 rue Gosset, 51100 Reims\n                      <br><strong>D\u00e9roulement du salon&nbsp;:<\/strong><\/p>\n                    <ul>\n                      <li>07h00&nbsp;: ouverture du caveau pour les exposants<\/li>\n                      <li>08h30&nbsp;: ouverture du salon pour les visiteurs<\/li>\n                      <li>09h00&nbsp;: discours et salon<\/li>\n                      <li>13h30&nbsp;: ouverture du cocktail<\/li>\n                      <li>15h00&nbsp;: fin du salon<\/li>\n                    <\/ul>\n                    <p>\n                      <br>\n                    <\/p>\n                  <\/div>\n                <\/div>\n                <div data-colibri-id=\"3472-c29\" class=\"h-icon style-1614 style-local-3472-c29 position-relative h-element\">\n                  <!----><span class=\"h-svg-icon h-icon__icon style-1614-icon style-local-3472-c29-icon\"><!--Icon by Font Awesome (https:\/\/fontawesome.com)-->\n    <svg version=\"1.1\" xmlns=\"http:\/\/www.w3.org\/2000\/svg\" xmlns:xlink=\"http:\/\/www.w3.org\/1999\/xlink\" id=\"check\" viewBox=\"0 0 1792 1896.0833\">\n      <path d=\"M1671 566q0 40-28 68l-724 724-136 136q-28 28-68 28t-68-28l-136-136-362-362q-28-28-28-68t28-68l136-136q28-28 68-28t68 28l294 295 656-657q28-28 68-28t68 28l136 136q28 28 28 68z\"><\/path>\n    <\/svg><\/span><\/div>\n              <\/div>\n            <\/div>\n          <\/div>\n          <div class=\"h-column h-column-container d-flex h-col-lg-auto h-col-md-auto h-col-auto style-1389-outer style-local-3472-c33-outer\">\n            <div data-colibri-id=\"3472-c33\" class=\"d-flex h-flex-basis h-column__inner h-px-lg-2 h-px-md-2 h-px-2 v-inner-lg-2 v-inner-md-2 v-inner-2 style-1389 style-local-3472-c33 position-relative\">\n              <!---->\n              <!---->\n              <div class=\"w-100 h-y-container h-column__content h-column__v-align flex-basis-100 align-self-lg-center align-self-md-center align-self-center\">\n                <!---->\n                <div data-colibri-id=\"3472-c34\" class=\"h-global-transition-all h-heading style-1390 style-local-3472-c34 position-relative h-element\">\n                  <!---->\n                  <div class=\"h-heading__outer style-1390 style-local-3472-c34\">\n                    <!---->\n                    <!---->\n                    <h3 class=\"\">Les exposants<\/h3>\n                  <\/div>\n                <\/div>\n                <div data-colibri-id=\"3472-c35\" class=\"h-text h-text-component style-1391 style-local-3472-c35 position-relative h-element\">\n                  <!---->\n                  <!---->\n                  <div class=\"\">\n                    <p>Pour cette 2\n                      <sup style=\"font-size: 13.5px;\">\u00e8me<\/sup>&nbsp;\u00e9dition,&nbsp;<strong>33 entreprises<\/strong>&nbsp;\u00e9taient pr\u00e9sentes pour pr\u00e9senter leur produits aupr\u00e8s des visiteurs dans un cadre \u00e0 la fois convivial et qualitatif.<\/p>\n                    <p><strong>Alsace<\/strong>&nbsp;: Bio Brasseurs, Bisch de Bruche, Biscuiterie Albisser, Chocolaterie Bruntz, Confiserie Adam, Domaine des Terres Rouges, Feyel &amp; Artzner, Foie Gras Georges Bruck, Maison Alsacienne de Biscuiterie Atelier,\n                      Thirion P\u00e2tes d\u2019Alsace IGP<\/p>\n                    <p><strong>Champagne Ardenne<\/strong>&nbsp;: A\u2019 les Champs, Andr\u00e9 Laurent, Biscuits Fossier, Brasserie Madame Nature, Didier Barbe Entreprise, Distillerie de la Forge, Distillerie Saint-Loup, Fromagerie Lincet, Guilleminot P\u00e8re &amp;\n                      Fils, Huilerie du Haut dy Sec, la Chanvri\u00e8re, la Ferme d\u2019Hotte, Mon rucher champenois, O D\u00e9lices de Lucas, Sainfolia, Wignac<\/p>\n                    <p><strong>Lorraine<\/strong>&nbsp;: Brasserie Hop Farmer, Laiterie ODLA, Le Marvillois \u2013 l\u2019Argonnaise, Marinette- la biscuiterie, Welly<\/p>\n                    <p><strong>Bourgogne-Franche-Comt\u00e9<\/strong>&nbsp;: Mulot &amp; Petitjean, Velours de l\u2019Abbaye<\/p>\n                    <p>\n                      <br>\n                    <\/p>\n                  <\/div>\n                <\/div>\n                <div data-colibri-id=\"3472-c36\" class=\"h-global-transition-all h-heading style-1390 style-local-3472-c36 position-relative h-element\">\n                  <!---->\n                  <div class=\"h-heading__outer style-1390 style-local-3472-c36\">\n                    <!---->\n                    <!---->\n                    <h3 class=\"\">LES VISITEURS :<\/h3>\n                  <\/div>\n                <\/div>\n                <div data-colibri-id=\"3472-c37\" class=\"h-text h-text-component style-1391 style-local-3472-c37 position-relative h-element\">\n                  <!---->\n                  <!---->\n                  <div class=\"\">\n                    <p>Au total,&nbsp;<strong>Autant de visiteurs<\/strong>&nbsp;que l\u2019an dernier&nbsp;comprenant&nbsp;<strong>42 distributeurs&nbsp;<\/strong>qui ont visit\u00e9 le salon. Les visiteurs \u00e9taient des professionnels de la distribution d\u2019\u00e9picerie fine\n                      en circuits s\u00e9lectifs :&nbsp;<\/p>\n                    <ul>\n                      <li>Magasins d\u2019\u00e9picerie fine<\/li>\n                      <li>Grossiste sp\u00e9cialis\u00e9e<\/li>\n                      <li>H\u00f4tellerie &amp; Restauration<\/li>\n                      <li>Cavistes<\/li>\n                      <li>Fromageries<\/li>\n                      <li>Magasins sp\u00e9cialis\u00e9s<\/li>\n                      <li>Autres<\/li>\n                    <\/ul>\n                    <p>Un&nbsp;<strong>cocktail convivial<\/strong>&nbsp;et le&nbsp;<strong>Champagne Castelnau<\/strong>&nbsp;ont cl\u00f4tur\u00e9 la matin\u00e9e.<\/p>\n                  <\/div>\n                <\/div>\n              <\/div>\n            <\/div>\n          <\/div>\n          <div class=\"h-column h-column-container d-flex h-col-lg-auto h-col-md-auto h-col-auto style-1739-outer style-local-3472-c44-outer\">\n            <div data-colibri-id=\"3472-c44\" class=\"d-flex h-flex-basis h-column__inner h-ui-empty-state-container h-px-lg-2 h-px-md-2 h-px-2 v-inner-lg-2 v-inner-md-2 v-inner-2 style-1739 style-local-3472-c44 position-relative\">\n              <!---->\n              <!---->\n              <div class=\"w-100 h-y-container h-column__content h-column__v-align flex-basis-100\">\n                <!---->\n              <\/div>\n            <\/div>\n          <\/div>\n        <\/div>\n      <\/div>\n    <\/div>\n  <\/div>\n<\/div>","protected":false},"excerpt":{"rendered":"<p>2EME EDITION ! Salon professionnel de l\u2019Epicerie Fine Grand Est | Compte-rendu Dans le cadre d\u2019une initiative port\u00e9e par&nbsp;les ARIA du Grand Est, l\u2019association&nbsp;Savourez la Champagne-Ardenne !&nbsp;a organis\u00e9 un salon [&hellip;]<\/p>\n","protected":false},"author":1,"featured_media":0,"parent":0,"menu_order":0,"comment_status":"closed","ping_status":"closed","template":"page-templates\/full-width-page.php","meta":{"om_disable_all_campaigns":false,"_monsterinsights_skip_tracking":false,"_monsterinsights_sitenote_active":false,"_monsterinsights_sitenote_note":"","_monsterinsights_sitenote_category":0,"footnotes":""},"class_list":["post-3472","page","type-page","status-publish","hentry"],"aioseo_notices":[],"_links":{"self":[{"href":"https:\/\/les-arias-grandest.fr\/index.php\/wp-json\/wp\/v2\/pages\/3472","targetHints":{"allow":["GET"]}}],"collection":[{"href":"https:\/\/les-arias-grandest.fr\/index.php\/wp-json\/wp\/v2\/pages"}],"about":[{"href":"https:\/\/les-arias-grandest.fr\/index.php\/wp-json\/wp\/v2\/types\/page"}],"author":[{"embeddable":true,"href":"https:\/\/les-arias-grandest.fr\/index.php\/wp-json\/wp\/v2\/users\/1"}],"replies":[{"embeddable":true,"href":"https:\/\/les-arias-grandest.fr\/index.php\/wp-json\/wp\/v2\/comments?post=3472"}],"version-history":[{"count":2,"href":"https:\/\/les-arias-grandest.fr\/index.php\/wp-json\/wp\/v2\/pages\/3472\/revisions"}],"predecessor-version":[{"id":6128,"href":"https:\/\/les-arias-grandest.fr\/index.php\/wp-json\/wp\/v2\/pages\/3472\/revisions\/6128"}],"wp:attachment":[{"href":"https:\/\/les-arias-grandest.fr\/index.php\/wp-json\/wp\/v2\/media?parent=3472"}],"curies":[{"name":"wp","href":"https:\/\/api.w.org\/{rel}","templated":true}]}}