{"id":511,"date":"2023-05-31T13:49:30","date_gmt":"2023-05-31T11:49:30","guid":{"rendered":"https:\/\/les-arias-grandest.fr\/?page_id=511"},"modified":"2023-10-13T20:14:03","modified_gmt":"2023-10-13T18:14:03","slug":"les-chiffres-cles-de-liaa-en-grand-est","status":"publish","type":"page","link":"https:\/\/les-arias-grandest.fr\/index.php\/les-chiffres-cles-de-liaa-en-grand-est\/","title":{"rendered":"Les chiffres cl\u00e9s de l&rsquo;IAA en Grand Est"},"content":{"rendered":"<div data-colibri-id=\"511-c1\" class=\"style-909 style-local-511-c1 position-relative\">\n  <!---->\n  <div data-colibri-component=\"section\" data-colibri-id=\"511-c2\" id=\"overlappable\" class=\"h-section h-section-global-spacing d-flex align-items-lg-center align-items-md-center align-items-center style-924 style-local-511-c2 position-relative\">\n    <!---->\n    <!---->\n    <div class=\"h-section-grid-container h-section-boxed-container\">\n      <!---->\n      <div data-colibri-id=\"511-c3\" class=\"h-row-container gutters-row-lg-0 gutters-row-md-0 gutters-row-0 gutters-row-v-lg-0 gutters-row-v-md-0 gutters-row-v-0 style-925 style-local-511-c3 position-relative\">\n        <!---->\n        <div class=\"h-row justify-content-lg-center justify-content-md-center justify-content-center align-items-lg-stretch align-items-md-stretch align-items-stretch gutters-col-lg-0 gutters-col-md-0 gutters-col-0 gutters-col-v-lg-0 gutters-col-v-md-0 gutters-col-v-0\">\n          <!---->\n          <div class=\"h-column h-column-container d-flex h-col-lg-auto h-col-md-auto h-col-auto style-926-outer style-local-511-c4-outer\">\n            <div data-colibri-id=\"511-c4\" class=\"d-flex h-flex-basis h-column__inner h-px-lg-2 h-px-md-2 h-px-3 v-inner-lg-2 v-inner-md-2 v-inner-3 style-926 style-local-511-c4 position-relative\">\n              <!---->\n              <!---->\n              <div class=\"w-100 h-y-container h-column__content h-column__v-align flex-basis-100 align-self-lg-start align-self-md-start align-self-start\">\n                <!---->\n                <div data-colibri-id=\"511-c5\" class=\"h-global-transition-all h-heading style-927 style-local-511-c5 position-relative h-element\">\n                  <!---->\n                  <div class=\"h-heading__outer style-927 style-local-511-c5\">\n                    <!---->\n                    <!---->\n                    <h3 class=\"\"><span style=\"color: rgb(217, 42, 21);\">16, 2<\/span><\/h3>\n                  <\/div>\n                <\/div>\n                <div data-colibri-id=\"511-c6\" class=\"h-global-transition-all h-heading style-928 style-local-511-c6 position-relative h-element\">\n                  <!---->\n                  <div class=\"h-heading__outer style-928 style-local-511-c6\">\n                    <!---->\n                    <!---->\n                    <h6 class=\"\"><strong style=\"font-weight: 700; font-family: &quot;Open Sans&quot;; color: rgb(22, 102, 176);\">MILLIARDS D&rsquo;\u20ac <br>DE CHIFFRE D&rsquo;AFFAIRES<\/strong><\/h6>\n                  <\/div>\n                <\/div>\n                <div data-colibri-id=\"511-c7\" class=\"h-text h-text-component style-1128 style-local-511-c7 position-relative h-element\">\n                  <!---->\n                  <!---->\n                  <div class=\"\">\n                    <h6><span style=\"font-size: 60%; font-weight: 300;\">Source : Insee, Esane Fare 2020, Flores 2020, SIRUS &#8211; traitements SRISE Grand Est<\/span><\/h6>\n                    <p>\n                      <br>\n                    <\/p>\n                  <\/div>\n                <\/div>\n              <\/div>\n            <\/div>\n          <\/div>\n          <div class=\"h-column h-column-container d-flex h-col-lg-auto h-col-md-auto h-col-auto style-929-outer style-local-511-c8-outer\">\n            <div data-colibri-id=\"511-c8\" class=\"d-flex h-flex-basis h-column__inner h-px-lg-2 h-px-md-2 h-px-3 v-inner-lg-2 v-inner-md-2 v-inner-3 style-929 style-local-511-c8 position-relative\">\n              <!---->\n              <!---->\n              <div class=\"w-100 h-y-container h-column__content h-column__v-align flex-basis-100 align-self-lg-start align-self-md-start align-self-start\">\n                <!---->\n                <div data-colibri-id=\"511-c9\" class=\"h-global-transition-all h-heading style-927 style-local-511-c9 position-relative h-element\">\n                  <!---->\n                  <div class=\"h-heading__outer style-927 style-local-511-c9\">\n                    <!---->\n                    <!---->\n                    <h3 class=\"\"><span style=\"color: rgb(217, 42, 21);\">5, 8<\/span><\/h3>\n                  <\/div>\n                <\/div>\n                <div data-colibri-id=\"511-c10\" class=\"h-global-transition-all h-heading style-928 style-local-511-c10 position-relative h-element\">\n                  <!---->\n                  <div class=\"h-heading__outer style-928 style-local-511-c10\">\n                    <!---->\n                    <!---->\n                    <h6 class=\"\"><span style=\"font-family: &quot;Open Sans&quot;;\">MILLIards D&rsquo;\u20ac <br>DE CHIFFRE D&rsquo;AFFAIRES (export)<\/span><\/h6>\n                  <\/div>\n                <\/div>\n                <div data-colibri-id=\"511-c11\" class=\"h-text h-text-component style-1128 style-local-511-c11 position-relative h-element\">\n                  <!---->\n                  <!---->\n                  <div class=\"\">\n                    <h6><span style=\"font-size: 60%; font-weight: 300;\">Source : Insee, Esane Fare 2020, Flores 2020, SIRUS &#8211; traitements SRISE Grand Est<\/span><\/h6>\n                    <p>\n                      <br>\n                    <\/p>\n                  <\/div>\n                <\/div>\n              <\/div>\n            <\/div>\n          <\/div>\n          <div class=\"h-column h-column-container d-flex h-col-lg-auto h-col-md-auto h-col-auto style-929-outer style-local-511-c12-outer\">\n            <div data-colibri-id=\"511-c12\" class=\"d-flex h-flex-basis h-column__inner h-px-lg-2 h-px-md-2 h-px-3 v-inner-lg-2 v-inner-md-2 v-inner-3 style-929 style-local-511-c12 position-relative\">\n              <!---->\n              <!---->\n              <div class=\"w-100 h-y-container h-column__content h-column__v-align flex-basis-100 align-self-lg-start align-self-md-start align-self-start\">\n                <!---->\n                <div data-colibri-id=\"511-c13\" class=\"h-global-transition-all h-heading style-927 style-local-511-c13 position-relative h-element\">\n                  <!---->\n                  <div class=\"h-heading__outer style-927 style-local-511-c13\">\n                    <!---->\n                    <!---->\n                    <h3 class=\"\"><span style=\"color: rgb(217, 42, 21);\">1 799<\/span><\/h3>\n                  <\/div>\n                <\/div>\n                <div data-colibri-id=\"511-c14\" class=\"h-global-transition-all h-heading style-928 style-local-511-c14 position-relative h-element\">\n                  <!---->\n                  <div class=\"h-heading__outer style-928 style-local-511-c14\">\n                    <!---->\n                    <!---->\n                    <h6 class=\"\"><span style=\"color: rgb(22, 102, 176); font-family: &quot;Open Sans&quot;;\">ENTREPRISES<\/span><\/h6>\n                  <\/div>\n                <\/div>\n                <div data-colibri-id=\"511-c15\" class=\"h-text h-text-component style-1128 style-local-511-c15 position-relative h-element\">\n                  <!---->\n                  <!---->\n                  <div class=\"\">\n                    <h6><span style=\"font-size: 60%; font-weight: 300;\">Source : Insee, Esane Fare 2020, Flores 2020, SIRUS &#8211; traitements SRISE Grand Est<\/span><\/h6>\n                    <p>\n                      <br>\n                    <\/p>\n                  <\/div>\n                <\/div>\n              <\/div>\n            <\/div>\n          <\/div>\n          <div class=\"h-column h-column-container d-flex h-col-lg-auto h-col-md-auto h-col-auto style-929-outer style-local-511-c16-outer\">\n            <div data-colibri-id=\"511-c16\" class=\"d-flex h-flex-basis h-column__inner h-px-lg-2 h-px-md-2 h-px-3 v-inner-lg-2 v-inner-md-2 v-inner-3 style-929 style-local-511-c16 position-relative\">\n              <!---->\n              <!---->\n              <div class=\"w-100 h-y-container h-column__content h-column__v-align flex-basis-100 align-self-lg-start align-self-md-start align-self-start\">\n                <!---->\n                <div data-colibri-id=\"511-c17\" class=\"h-global-transition-all h-heading style-927 style-local-511-c17 position-relative h-element\">\n                  <!---->\n                  <div class=\"h-heading__outer style-927 style-local-511-c17\">\n                    <!---->\n                    <!---->\n                    <h3 class=\"\"><span style=\"color: rgb(217, 42, 21);\">33 118<\/span><\/h3>\n                  <\/div>\n                <\/div>\n                <div data-colibri-id=\"511-c18\" class=\"h-global-transition-all h-heading style-928 style-local-511-c18 position-relative h-element\">\n                  <!---->\n                  <div class=\"h-heading__outer style-928 style-local-511-c18\">\n                    <!---->\n                    <!---->\n                    <h6 class=\"\"><span style=\"color: rgb(22, 102, 176); font-family: &quot;Open Sans&quot;;\">salari\u00e9s<\/span><\/h6>\n                  <\/div>\n                <\/div>\n                <div data-colibri-id=\"511-c19\" class=\"h-text h-text-component style-1128 style-local-511-c19 position-relative h-element\">\n                  <!---->\n                  <!---->\n                  <div class=\"\">\n                    <h6><span style=\"font-size: 60%; font-weight: 300;\">Source : Insee, Esane Fare 2020, Flores 2020, SIRUS &#8211; traitements SRISE Grand Est<\/span><\/h6>\n                    <p>\n                      <br>\n                    <\/p>\n                  <\/div>\n                <\/div>\n              <\/div>\n            <\/div>\n          <\/div>\n        <\/div>\n      <\/div>\n    <\/div>\n  <\/div>\n  <div data-colibri-component=\"section\" data-colibri-id=\"511-c20\" id=\"overlappable-2\" class=\"h-section h-section-global-spacing d-flex align-items-lg-center align-items-md-center align-items-center style-931 style-local-511-c20 position-relative\">\n    <!---->\n    <!---->\n    <div class=\"h-section-grid-container h-section-boxed-container\">\n      <!---->\n      <div data-colibri-id=\"511-c21\" class=\"h-row-container gutters-row-lg-2 gutters-row-md-2 gutters-row-0 gutters-row-v-lg-2 gutters-row-v-md-2 gutters-row-v-2 style-949 style-local-511-c21 position-relative\">\n        <!---->\n        <div class=\"h-row justify-content-lg-center justify-content-md-center justify-content-center align-items-lg-stretch align-items-md-stretch align-items-stretch gutters-col-lg-2 gutters-col-md-2 gutters-col-0 gutters-col-v-lg-2 gutters-col-v-md-2 gutters-col-v-2\">\n          <!---->\n          <div class=\"h-column h-column-container d-flex h-col-lg-auto h-col-md-auto h-col-auto style-950-outer style-local-511-c22-outer\">\n            <div data-colibri-id=\"511-c22\" class=\"d-flex h-flex-basis h-column__inner h-px-lg-2 h-px-md-2 h-px-2 v-inner-lg-2 v-inner-md-2 v-inner-2 style-950 style-local-511-c22 position-relative\">\n              <!---->\n              <!---->\n              <div class=\"w-100 h-y-container h-column__content h-column__v-align flex-basis-100 align-self-lg-start align-self-md-start align-self-start\">\n                <!---->\n                <div data-colibri-id=\"511-c23\" class=\"style-961 style-local-511-c23 position-relative h-element\">\n                  <!---->\n                <\/div>\n                <div data-colibri-id=\"511-c24\" class=\"style-951 style-local-511-c24 position-relative h-element\">\n                  <!---->\n                <\/div>\n              <\/div>\n            <\/div>\n          <\/div>\n        <\/div>\n      <\/div>\n      <div data-colibri-id=\"511-c25\" class=\"h-row-container gutters-row-lg-0 gutters-row-md-0 gutters-row-0 gutters-row-v-lg-0 gutters-row-v-md-0 gutters-row-v-0 style-932 style-local-511-c25 position-relative\">\n        <!---->\n        <div class=\"h-row justify-content-lg-center justify-content-md-center justify-content-center align-items-lg-stretch align-items-md-stretch align-items-stretch gutters-col-lg-0 gutters-col-md-0 gutters-col-0 gutters-col-v-lg-0 gutters-col-v-md-0 gutters-col-v-0\">\n          <!---->\n          <div class=\"h-column h-column-container d-flex h-col-lg-4 h-col-md-4 h-col-12 style-933-outer style-local-511-c26-outer\">\n            <div data-colibri-id=\"511-c26\" class=\"d-flex h-flex-basis h-column__inner h-px-lg-3 h-px-md-3 h-px-2 v-inner-lg-3 v-inner-md-3 v-inner-2 style-933 style-local-511-c26 position-relative\">\n              <!---->\n              <!---->\n              <div class=\"w-100 h-y-container h-column__content h-column__v-align flex-basis-100 align-self-lg-start align-self-md-start align-self-start\">\n                <!---->\n                <div data-colibri-id=\"511-c27\" class=\"h-icon style-934 style-local-511-c27 position-relative h-element\">\n                  <!----><span class=\"h-svg-icon h-icon__icon style-934-icon style-local-511-c27-icon\"><!--Icon by Ionicons (https:\/\/ionicons.com)--><svg version=\"1.1\" xmlns=\"http:\/\/www.w3.org\/2000\/svg\" xmlns:xlink=\"http:\/\/www.w3.org\/1999\/xlink\" id=\"map\" viewBox=\"0 0 448 512\"><path d=\"M441 137c4 3 7 8 7 14v281c0 6-2 11-7 14-2 1-5 2-7 2-3 0-6 0-8-2l-97-66-97 66c-5 3-10 3-15 0l-97-66-97 66c-5 3-10 3-15 0s-8-8-8-14V151c0-6 3-11 7-14l105-71c5-3 10-3 15 0l97 66 98-66c5-3 10-3 15 0zM103 353V111l-71 50v242zm32 0l73 49V273l-4 11c-7-2-13-6-20-10l8-13c5 3 11 6 16 8V160l-73-49v101c4 2 9 4 13 7l-10 13c-1-1-2-1-3-2v123zm105 49l73-49V244c0 1-1 1-1 2l-6 6-12-11 6-6c3-3 5-7 8-10l5 5V111l-73 49v112h7l3 15c-3 0-6 1-9 1h-1v114zm176 0V160l-71-49v88c3-1 5-1 8-2l4 16c-4 1-8 1-12 3v137zM97 221c-3 1-11 5-14 7l-11-12c4-3 8-6 12-8 3-2 6-3 9-4l5 15c-2 1 1 1-1 2zm168 45c5-3 10-5 15-10l11 12c-6 6-12 10-19 13zM67 256v1l-15-5v-1c2-7 4-13 9-20l13 9c-4 5-5 10-7 16zm99-18c3 4 7 8 11 11l-11 12c-4-4-8-9-12-13l-3-3 12-11c1 1 2 3 3 4zm210-8l-11-12 10-10-10-10 11-12 10 11 11-11 11 12-10 10 10 10-11 12-11-11z\"><\/path><\/svg><\/span><\/div>\n                <div\n                  data-colibri-id=\"511-c28\" class=\"h-global-transition-all h-heading style-935 style-local-511-c28 position-relative h-element\">\n                  <!---->\n                  <div class=\"h-heading__outer style-935 style-local-511-c28\">\n                    <!---->\n                    <!---->\n                    <h5 class=\"\"><span style=\"color: rgb(217, 42, 21);\">EN FRANCE<\/span><\/h5>\n                  <\/div>\n              <\/div>\n              <div data-colibri-id=\"511-c29\" class=\"h-text h-text-component style-936 style-local-511-c29 position-relative h-element\">\n                <!---->\n                <!---->\n                <div class=\"\">\n                  <p><strong style=\"font-family: &quot;Open Sans&quot;; font-weight: 600;\">Le panorama des IAA en France d\u00e9crit les enjeux de la fili\u00e8re agroalimentaire sur le territoire fran\u00e7ais et fournit des chiffres cl\u00e9s.<\/strong><\/p>\n                <\/div>\n              <\/div>\n              <div data-colibri-id=\"511-c30\" class=\"h-x-container style-952 style-local-511-c30 position-relative h-element\">\n                <!---->\n                <div class=\"h-x-container-inner style-dynamic-511-c30-group style-952-spacing style-local-511-c30-spacing\"><span class=\"h-button__outer style-953-outer style-local-511-c31-outer d-inline-flex h-element\"><a h-use-smooth-scroll=\"true\" href=\"https:\/\/les-arias-grandest.fr\/wp-content\/uploads\/2023\/06\/2211_panoramaIAA_BRO_BD.pdf\"  data-colibri-id=\"511-c31\" class=\"d-flex w-100 align-items-center h-button justify-content-lg-center justify-content-md-center justify-content-center style-953 style-local-511-c31 position-relative\"><!----><!----> <span>PANORAMA DES IAA &#8211; EDITION 2022<\/span><\/a>\n                  <\/span>\n                <\/div>\n              <\/div>\n              <div data-colibri-id=\"511-c32\" class=\"h-x-container style-954 style-local-511-c32 position-relative h-element\">\n                <!---->\n                <div class=\"h-x-container-inner style-dynamic-511-c32-group style-954-spacing style-local-511-c32-spacing\"><span class=\"h-button__outer style-955-outer style-local-511-c33-outer d-inline-flex h-element\"><a h-use-smooth-scroll=\"true\" href=\"https:\/\/les-arias-grandest.fr\/wp-content\/uploads\/2023\/06\/2207_CC-IAA_BRO_Web_1.pdf\" target=\"_blank\" data-colibri-id=\"511-c33\" class=\"d-flex w-100 align-items-center h-button justify-content-lg-center justify-content-md-center justify-content-center style-955 style-local-511-c33 position-relative\" rel=\"noopener\"><!----><!----> <span>PANORAMA DES IAA &#8211; CHIFFRES ET INDICATEURS CLES DE L&rsquo;EDITION 2022<\/span><\/a>\n                  <\/span>\n                <\/div>\n              <\/div>\n            <\/div>\n          <\/div>\n        <\/div>\n        <div class=\"h-column h-column-container d-flex h-col-lg-4 h-col-md-4 h-col-12 style-939-outer style-local-511-c34-outer\">\n          <div data-colibri-id=\"511-c34\" class=\"d-flex h-flex-basis h-column__inner h-px-lg-3 h-px-md-3 h-px-3 v-inner-lg-3 v-inner-md-3 v-inner-3 style-939 style-local-511-c34 position-relative\">\n            <!---->\n            <!---->\n            <div class=\"w-100 h-y-container h-column__content h-column__v-align flex-basis-100 align-self-lg-start align-self-md-start align-self-start\">\n              <!---->\n              <div data-colibri-id=\"511-c35\" class=\"h-icon style-940 style-local-511-c35 position-relative h-element\">\n                <!----><span class=\"h-svg-icon h-icon__icon style-940-icon style-local-511-c35-icon\"><!--Icon by Font Awesome (https:\/\/fontawesome.com)-->\n    <svg version=\"1.1\" xmlns=\"http:\/\/www.w3.org\/2000\/svg\" xmlns:xlink=\"http:\/\/www.w3.org\/1999\/xlink\" id=\"map-marker\" viewBox=\"0 0 1049.8953 1896.0833\">\n      <path d=\"M768 640q0-106-75-181t-181-75-181 75-75 181 75 181 181 75 181-75 75-181zm256 0q0 109-33 179l-364 774q-16 33-47.5 52t-67.5 19-67.5-19-46.5-52L33 819Q0 749 0 640q0-212 150-362t362-150 362 150 150 362z\"><\/path>\n    <\/svg><\/span><\/div>\n              <div data-colibri-id=\"511-c36\" class=\"h-global-transition-all h-heading style-941 style-local-511-c36 position-relative h-element\">\n                <!---->\n                <div class=\"h-heading__outer style-941 style-local-511-c36\">\n                  <!---->\n                  <!---->\n                  <h5 class=\"\"><span style=\"font-family: &quot;Open Sans&quot;;\">EN GRAND EST<\/span><\/h5>\n                <\/div>\n              <\/div>\n              <div data-colibri-id=\"511-c37\" class=\"h-text h-text-component style-942 style-local-511-c37 position-relative h-element\">\n                <!---->\n                <!---->\n                <div class=\"\">\n                  <p><span style=\"font-weight: 400; font-size: 13px; font-family: &quot;Open Sans&quot;; color: rgb(255, 255, 255);\">Chaque r\u00e9gion dispose de sa fiche personnalis\u00e9e. Le Grand Est avec ses 33 118 emplois, est la sixi\u00e8me r\u00e9gion employant le plus de salari\u00e9s dans l\u2019agroalimentaire.&nbsp;La fiche r\u00e9gionale Grand Est vous permet de conna\u00eetre les chiffres cl\u00e9s de l\u2019emploi agroalimentaires en r\u00e9gion, la dynamique des entreprises, les \u00e9volutions et les sp\u00e9cificit\u00e9s des emplois dans les IAA en Grand Est et l\u2019analyse des enjeux r\u00e9gionaux.<\/span><\/p>\n                <\/div>\n              <\/div>\n              <div data-colibri-id=\"511-c38\" class=\"h-x-container style-956 style-local-511-c38 position-relative h-element\">\n                <!---->\n                <div class=\"h-x-container-inner style-dynamic-511-c38-group style-956-spacing style-local-511-c38-spacing\"><span class=\"h-button__outer style-957-outer style-local-511-c39-outer d-inline-flex h-element\"><a h-use-smooth-scroll=\"true\" href=\"https:\/\/les-arias-grandest.fr\/wp-content\/uploads\/2023\/10\/LIVRET-Fiches-filieres.pdf\" target=\"_blank\" data-colibri-id=\"511-c39\" class=\"d-flex w-100 align-items-center h-button justify-content-lg-center justify-content-md-center justify-content-center style-957 style-local-511-c39 position-relative\" rel=\"noopener\"><!----><!----> <span>LIVRET \u00ab\u00a0FICHES FILIERES\u00a0\u00bb<\/span><\/a>\n                  <\/span>\n                <\/div>\n              <\/div>\n            <\/div>\n          <\/div>\n        <\/div>\n      <\/div>\n    <\/div>\n  <\/div>\n<\/div>\n<\/div>","protected":false},"excerpt":{"rendered":"<p>16, 2 MILLIARDS D&rsquo;\u20ac DE CHIFFRE D&rsquo;AFFAIRES Source : Insee, Esane Fare 2020, Flores 2020, SIRUS &#8211; traitements SRISE Grand Est 5, 8 MILLIards D&rsquo;\u20ac DE CHIFFRE D&rsquo;AFFAIRES (export) Source [&hellip;]<\/p>\n","protected":false},"author":2,"featured_media":534,"parent":0,"menu_order":0,"comment_status":"closed","ping_status":"closed","template":"page-templates\/full-width-page.php","meta":{"om_disable_all_campaigns":false,"_monsterinsights_skip_tracking":false,"_monsterinsights_sitenote_active":false,"_monsterinsights_sitenote_note":"","_monsterinsights_sitenote_category":0,"footnotes":""},"class_list":["post-511","page","type-page","status-publish","has-post-thumbnail","hentry"],"aioseo_notices":[],"_links":{"self":[{"href":"https:\/\/les-arias-grandest.fr\/index.php\/wp-json\/wp\/v2\/pages\/511","targetHints":{"allow":["GET"]}}],"collection":[{"href":"https:\/\/les-arias-grandest.fr\/index.php\/wp-json\/wp\/v2\/pages"}],"about":[{"href":"https:\/\/les-arias-grandest.fr\/index.php\/wp-json\/wp\/v2\/types\/page"}],"author":[{"embeddable":true,"href":"https:\/\/les-arias-grandest.fr\/index.php\/wp-json\/wp\/v2\/users\/2"}],"replies":[{"embeddable":true,"href":"https:\/\/les-arias-grandest.fr\/index.php\/wp-json\/wp\/v2\/comments?post=511"}],"version-history":[{"count":0,"href":"https:\/\/les-arias-grandest.fr\/index.php\/wp-json\/wp\/v2\/pages\/511\/revisions"}],"wp:featuredmedia":[{"embeddable":true,"href":"https:\/\/les-arias-grandest.fr\/index.php\/wp-json\/wp\/v2\/media\/534"}],"wp:attachment":[{"href":"https:\/\/les-arias-grandest.fr\/index.php\/wp-json\/wp\/v2\/media?parent=511"}],"curies":[{"name":"wp","href":"https:\/\/api.w.org\/{rel}","templated":true}]}}